{"id":19,"date":"2024-03-06T16:40:37","date_gmt":"2024-03-06T13:10:37","guid":{"rendered":"https:\/\/bamanetz.com\/?page_id=19"},"modified":"2024-03-09T21:41:02","modified_gmt":"2024-03-09T18:11:02","slug":"uber-uns","status":"publish","type":"page","link":"https:\/\/bamanetz.com\/?page_id=19","title":{"rendered":"\u00fcber uns"},"content":{"rendered":"\t\t<div data-elementor-type=\"wp-page\" data-elementor-id=\"19\" class=\"elementor elementor-19\">\n\t\t\t\t<div class=\"elementor-element elementor-element-e865b13 e-flex e-con-boxed e-con e-parent\" data-id=\"e865b13\" data-element_type=\"container\" data-settings=\"{&quot;content_width&quot;:&quot;boxed&quot;}\" data-core-v316-plus=\"true\">\n\t\t\t\t\t<div class=\"e-con-inner\">\n\t\t\t\t<div class=\"elementor-element elementor-element-83619eb elementor-widget elementor-widget-heading\" data-id=\"83619eb\" data-element_type=\"widget\" data-widget_type=\"heading.default\">\n\t\t\t\t<div class=\"elementor-widget-container\">\n\t\t\t<style>\/*! elementor - v3.19.0 - 28-02-2024 *\/\n.elementor-heading-title{padding:0;margin:0;line-height:1}.elementor-widget-heading .elementor-heading-title[class*=elementor-size-]>a{color:inherit;font-size:inherit;line-height:inherit}.elementor-widget-heading .elementor-heading-title.elementor-size-small{font-size:15px}.elementor-widget-heading .elementor-heading-title.elementor-size-medium{font-size:19px}.elementor-widget-heading .elementor-heading-title.elementor-size-large{font-size:29px}.elementor-widget-heading .elementor-heading-title.elementor-size-xl{font-size:39px}.elementor-widget-heading .elementor-heading-title.elementor-size-xxl{font-size:59px}<\/style><h2 class=\"elementor-heading-title elementor-size-default\">Wir erbringen f\u00fcr unsere Kunden alle Dienstleistungen rund um die Glasfaser,\n\nvon der Konzeptentwicklung bis zur endg\u00fcltigenSystemanbindung an den Mobilfunkanbieter,\n\n mit der richtigen Geschwindigkeit und Qualit\u00e4t.<\/h2>\t\t<\/div>\n\t\t\t\t<\/div>\n\t\t\t\t\t<\/div>\n\t\t\t\t<\/div>\n\t\t\t\t<\/div>\n\t\t","protected":false},"excerpt":{"rendered":"<p>Wir erbringen f\u00fcr unsere Kunden alle Dienstleistungen rund um die Glasfaser, von der Konzeptentwicklung bis zur endg\u00fcltigenSystemanbindung an den Mobilfunkanbieter, mit der richtigen Geschwindigkeit und Qualit\u00e4t.<\/p>\n","protected":false},"author":1,"featured_media":0,"parent":0,"menu_order":0,"comment_status":"closed","ping_status":"closed","template":"","meta":{"footnotes":""},"class_list":["post-19","page","type-page","status-publish","hentry"],"_links":{"self":[{"href":"https:\/\/bamanetz.com\/index.php?rest_route=\/wp\/v2\/pages\/19","targetHints":{"allow":["GET"]}}],"collection":[{"href":"https:\/\/bamanetz.com\/index.php?rest_route=\/wp\/v2\/pages"}],"about":[{"href":"https:\/\/bamanetz.com\/index.php?rest_route=\/wp\/v2\/types\/page"}],"author":[{"embeddable":true,"href":"https:\/\/bamanetz.com\/index.php?rest_route=\/wp\/v2\/users\/1"}],"replies":[{"embeddable":true,"href":"https:\/\/bamanetz.com\/index.php?rest_route=%2Fwp%2Fv2%2Fcomments&post=19"}],"version-history":[{"count":17,"href":"https:\/\/bamanetz.com\/index.php?rest_route=\/wp\/v2\/pages\/19\/revisions"}],"predecessor-version":[{"id":112,"href":"https:\/\/bamanetz.com\/index.php?rest_route=\/wp\/v2\/pages\/19\/revisions\/112"}],"wp:attachment":[{"href":"https:\/\/bamanetz.com\/index.php?rest_route=%2Fwp%2Fv2%2Fmedia&parent=19"}],"curies":[{"name":"wp","href":"https:\/\/api.w.org\/{rel}","templated":true}]}}